{"id":45,"date":"2024-03-22T03:48:58","date_gmt":"2024-03-22T03:48:58","guid":{"rendered":"https:\/\/comportahouse.pt\/?page_id=45"},"modified":"2025-05-13T17:41:33","modified_gmt":"2025-05-13T17:41:33","slug":"sobre","status":"publish","type":"page","link":"https:\/\/comportahouse.pt\/index.php\/sobre\/","title":{"rendered":"SOBRE"},"content":{"rendered":"\t\t<div data-elementor-type=\"wp-page\" data-elementor-id=\"45\" class=\"elementor elementor-45\">\n\t\t\t\t\t\t<section class=\"elementor-section elementor-top-section elementor-element elementor-element-171d1b3 elementor-section-stretched elementor-section-full_width elementor-section-height-default elementor-section-height-default\" data-id=\"171d1b3\" data-element_type=\"section\" data-e-type=\"section\" data-settings=\"{&quot;stretch_section&quot;:&quot;section-stretched&quot;}\">\n\t\t\t\t\t\t<div class=\"elementor-container elementor-column-gap-default\">\n\t\t\t\t\t<div class=\"elementor-column elementor-col-100 elementor-top-column elementor-element elementor-element-6483133\" data-id=\"6483133\" data-element_type=\"column\" data-e-type=\"column\" data-settings=\"{&quot;background_background&quot;:&quot;classic&quot;}\">\n\t\t\t<div class=\"elementor-widget-wrap elementor-element-populated\">\n\t\t\t\t\t\t<div class=\"elementor-element elementor-element-6905eee elementor-widget elementor-widget-spacer\" data-id=\"6905eee\" data-element_type=\"widget\" data-e-type=\"widget\" data-widget_type=\"spacer.default\">\n\t\t\t\t<div class=\"elementor-widget-container\">\n\t\t\t\t\t\t\t<div class=\"elementor-spacer\">\n\t\t\t<div class=\"elementor-spacer-inner\"><\/div>\n\t\t<\/div>\n\t\t\t\t\t\t<\/div>\n\t\t\t\t<\/div>\n\t\t\t\t\t<\/div>\n\t\t<\/div>\n\t\t\t\t\t<\/div>\n\t\t<\/section>\n\t\t\t\t<section class=\"elementor-section elementor-top-section elementor-element elementor-element-0100ce0 elementor-section-full_width elementor-section-stretched elementor-section-height-default elementor-section-height-default\" data-id=\"0100ce0\" data-element_type=\"section\" data-e-type=\"section\" data-settings=\"{&quot;stretch_section&quot;:&quot;section-stretched&quot;}\">\n\t\t\t\t\t\t<div class=\"elementor-container elementor-column-gap-default\">\n\t\t\t\t\t<div class=\"elementor-column elementor-col-100 elementor-top-column elementor-element elementor-element-b125636\" data-id=\"b125636\" data-element_type=\"column\" data-e-type=\"column\">\n\t\t\t<div class=\"elementor-widget-wrap elementor-element-populated\">\n\t\t\t\t\t\t<section class=\"elementor-section elementor-inner-section elementor-element elementor-element-b542685 elementor-section-boxed elementor-section-height-default elementor-section-height-default\" data-id=\"b542685\" data-element_type=\"section\" data-e-type=\"section\">\n\t\t\t\t\t\t<div class=\"elementor-container elementor-column-gap-default\">\n\t\t\t\t\t<div class=\"elementor-column elementor-col-100 elementor-inner-column elementor-element elementor-element-5319de7\" data-id=\"5319de7\" data-element_type=\"column\" data-e-type=\"column\" data-settings=\"{&quot;background_background&quot;:&quot;classic&quot;}\">\n\t\t\t<div class=\"elementor-widget-wrap elementor-element-populated\">\n\t\t\t\t\t\t<div class=\"elementor-element elementor-element-f8f5f63 elementor-widget elementor-widget-heading\" data-id=\"f8f5f63\" data-element_type=\"widget\" data-e-type=\"widget\" data-widget_type=\"heading.default\">\n\t\t\t\t<div class=\"elementor-widget-container\">\n\t\t\t\t\t<h2 class=\"elementor-heading-title elementor-size-default\">ANDO Living Comporta House \u00e9 um dos mais exclusivos boutique resorts da Europa. <br> <br>\n\nSituado entre a Comporta e Melides, a poucos minutos de algumas das praias mais imaculadas do continente, foi cuidadosamente concebido para se integrar com harmonia na paisagem envolvente, fundindo o design contempor\u00e2neo com o charme intemporal da regi\u00e3o.\n <br> <br>\nCom servi\u00e7os de concierge discretos e personalizados, proporcionamos um ambiente descontra\u00eddo e sem esfor\u00e7o, pensado ao detalhe para garantir o m\u00e1ximo conforto e tranquilidade aos nossos h\u00f3spedes.\n <br> <br>\nO resort \u00e9 composto por 16 villas privadas, de dois a cinco quartos, com \u00e1reas entre os 200 e os 500 m\u00b2, todas elas perfeitamente integradas na natureza, oferecendo privacidade, luz natural e uma est\u00e9tica elegante e minimalista.\n <br> <br>\nLocalizado na Comporta, um dos destinos mais deslumbrantes da costa oeste de Portugal, e a apenas uma hora a sul de Lisboa, este \u00e9 o local perfeito para quem procura equil\u00edbrio entre sofistica\u00e7\u00e3o e autenticidade.\nCom paisagens preservadas, praias selvagens e uma atmosfera serena, a regi\u00e3o convida a longas caminhadas pelas dunas, passeios de bicicleta ou a cavalo, e atividades no mar ou no Estu\u00e1rio do Sado, um para\u00edso para os amantes da natureza e observa\u00e7\u00e3o de aves.\n <br> <br>\nA gastronomia local \u00e9 um convite aos sentidos: peixe e marisco frescos, produtos sazonais e vinhos alentejanos de excel\u00eancia. A vila vizinha oferece uma sele\u00e7\u00e3o de restaurantes sofisticados e bares de praia descontra\u00eddos, perfeitos para saborear o verdadeiro esp\u00edrito da Comporta.\n <br> <br>\nANDO Living Comporta House \u00e9 mais do que um destino \u2014 \u00e9 um ref\u00fagio exclusivo onde a natureza e o design vivem em harmonia.\n<\/h2>\t\t\t\t<\/div>\n\t\t\t\t<\/div>\n\t\t\t\t<div class=\"elementor-element elementor-element-4e3b121 elementor-widget elementor-widget-spacer\" data-id=\"4e3b121\" data-element_type=\"widget\" data-e-type=\"widget\" data-widget_type=\"spacer.default\">\n\t\t\t\t<div class=\"elementor-widget-container\">\n\t\t\t\t\t\t\t<div class=\"elementor-spacer\">\n\t\t\t<div class=\"elementor-spacer-inner\"><\/div>\n\t\t<\/div>\n\t\t\t\t\t\t<\/div>\n\t\t\t\t<\/div>\n\t\t\t\t<div class=\"elementor-element elementor-element-4c46914 elementor-widget elementor-widget-heading\" data-id=\"4c46914\" data-element_type=\"widget\" data-e-type=\"widget\" data-widget_type=\"heading.default\">\n\t\t\t\t<div class=\"elementor-widget-container\">\n\t\t\t\t\t<h2 class=\"elementor-heading-title elementor-size-default\">Nota: Novo folheto totalmente atualizado em breve<\/h2>\t\t\t\t<\/div>\n\t\t\t\t<\/div>\n\t\t\t\t<div class=\"elementor-element elementor-element-8b9e720 elementor-widget elementor-widget-spacer\" data-id=\"8b9e720\" data-element_type=\"widget\" data-e-type=\"widget\" data-widget_type=\"spacer.default\">\n\t\t\t\t<div class=\"elementor-widget-container\">\n\t\t\t\t\t\t\t<div class=\"elementor-spacer\">\n\t\t\t<div class=\"elementor-spacer-inner\"><\/div>\n\t\t<\/div>\n\t\t\t\t\t\t<\/div>\n\t\t\t\t<\/div>\n\t\t\t\t\t<\/div>\n\t\t<\/div>\n\t\t\t\t\t<\/div>\n\t\t<\/section>\n\t\t\t\t\t<\/div>\n\t\t<\/div>\n\t\t\t\t\t<\/div>\n\t\t<\/section>\n\t\t\t\t<\/div>\n\t\t","protected":false},"excerpt":{"rendered":"<p>ANDO Living Comporta House \u00e9 um dos mais exclusivos boutique resorts da Europa. Situado entre a Comporta e Melides, a poucos minutos de algumas das praias mais imaculadas do continente, foi cuidadosamente concebido para se integrar com harmonia na paisagem envolvente, fundindo o design contempor\u00e2neo com o charme intemporal da regi\u00e3o. Com servi\u00e7os de concierge [&hellip;]<\/p>\n","protected":false},"author":1,"featured_media":0,"parent":0,"menu_order":0,"comment_status":"closed","ping_status":"closed","template":"elementor_header_footer","meta":{"footnotes":""},"class_list":["post-45","page","type-page","status-publish","hentry"],"_links":{"self":[{"href":"https:\/\/comportahouse.pt\/index.php\/wp-json\/wp\/v2\/pages\/45","targetHints":{"allow":["GET"]}}],"collection":[{"href":"https:\/\/comportahouse.pt\/index.php\/wp-json\/wp\/v2\/pages"}],"about":[{"href":"https:\/\/comportahouse.pt\/index.php\/wp-json\/wp\/v2\/types\/page"}],"author":[{"embeddable":true,"href":"https:\/\/comportahouse.pt\/index.php\/wp-json\/wp\/v2\/users\/1"}],"replies":[{"embeddable":true,"href":"https:\/\/comportahouse.pt\/index.php\/wp-json\/wp\/v2\/comments?post=45"}],"version-history":[{"count":184,"href":"https:\/\/comportahouse.pt\/index.php\/wp-json\/wp\/v2\/pages\/45\/revisions"}],"predecessor-version":[{"id":2106,"href":"https:\/\/comportahouse.pt\/index.php\/wp-json\/wp\/v2\/pages\/45\/revisions\/2106"}],"wp:attachment":[{"href":"https:\/\/comportahouse.pt\/index.php\/wp-json\/wp\/v2\/media?parent=45"}],"curies":[{"name":"wp","href":"https:\/\/api.w.org\/{rel}","templated":true}]}}