{"id":115,"date":"2024-03-22T04:12:52","date_gmt":"2024-03-22T04:12:52","guid":{"rendered":"https:\/\/comportahouse.pt\/?page_id=115"},"modified":"2025-05-13T17:36:59","modified_gmt":"2025-05-13T17:36:59","slug":"tan","status":"publish","type":"page","link":"https:\/\/comportahouse.pt\/index.php\/tan\/","title":{"rendered":"TAN"},"content":{"rendered":"\t\t<div data-elementor-type=\"wp-page\" data-elementor-id=\"115\" class=\"elementor elementor-115\">\n\t\t\t\t\t\t<section class=\"elementor-section elementor-top-section elementor-element elementor-element-b3d5873 elementor-section-stretched elementor-section-boxed elementor-section-height-default elementor-section-height-default\" data-id=\"b3d5873\" data-element_type=\"section\" data-e-type=\"section\" data-settings=\"{&quot;stretch_section&quot;:&quot;section-stretched&quot;}\">\n\t\t\t\t\t\t<div class=\"elementor-container elementor-column-gap-default\">\n\t\t\t\t\t<div class=\"elementor-column elementor-col-100 elementor-top-column elementor-element elementor-element-5a853e89\" data-id=\"5a853e89\" data-element_type=\"column\" data-e-type=\"column\">\n\t\t\t<div class=\"elementor-widget-wrap elementor-element-populated\">\n\t\t\t\t\t\t<div class=\"elementor-element elementor-element-898fd2f elementor-widget elementor-widget-text-editor\" data-id=\"898fd2f\" data-element_type=\"widget\" data-e-type=\"widget\" data-widget_type=\"text-editor.default\">\n\t\t\t\t<div class=\"elementor-widget-container\">\n\t\t\t\t\t\t\t\t\t<p>Se procura oportunidades excecionais de investimento imobili\u00e1rio, deve definitivamente considerar TAN Capital e TAN Investments. A nossa equipa de profissionais dedicados \u00e9 especializada nesta \u00e1rea e realizou v\u00e1rios projetos no mercado prime em Portugal.<\/p><p>O nosso compromisso com um crescimento estruturado e o aumento do valor do nosso portf\u00f3lio diferencia-nos da concorr\u00eancia. Gerimos uma valiosa e diversificada carteira de ativos em Portugal e somos reconhecidos por desenvolver projetos em locais excecionais. Estamos sempre \u00e0 procura de projetos \u00fanicos e interessantes para adicionar ao nosso portf\u00f3lio.<\/p><p>Investir com TAN Capital e TAN Investments significa que ter\u00e1 acesso aos nossos recursos e experi\u00eancia, garantindo o sucesso do seu investimento. N\u00e3o perca esta oportunidade de investir no mercado imobili\u00e1rio em franca expans\u00e3o em Portugal. Entre em contato connosco hoje para saber mais.<\/p>\t\t\t\t\t\t\t\t<\/div>\n\t\t\t\t<\/div>\n\t\t\t\t<div class=\"elementor-element elementor-element-2147ef4f elementor-widget elementor-widget-spacer\" data-id=\"2147ef4f\" data-element_type=\"widget\" data-e-type=\"widget\" data-widget_type=\"spacer.default\">\n\t\t\t\t<div class=\"elementor-widget-container\">\n\t\t\t\t\t\t\t<div class=\"elementor-spacer\">\n\t\t\t<div class=\"elementor-spacer-inner\"><\/div>\n\t\t<\/div>\n\t\t\t\t\t\t<\/div>\n\t\t\t\t<\/div>\n\t\t\t\t<div class=\"elementor-element elementor-element-63bcc966 elementor-align-center elementor-widget elementor-widget-button\" data-id=\"63bcc966\" data-element_type=\"widget\" data-e-type=\"widget\" data-widget_type=\"button.default\">\n\t\t\t\t<div class=\"elementor-widget-container\">\n\t\t\t\t\t\t\t\t\t<div class=\"elementor-button-wrapper\">\n\t\t\t\t\t<a class=\"elementor-button elementor-button-link elementor-size-sm\" href=\"https:\/\/comportahouse.pt\/index.php\/contacto\/\">\n\t\t\t\t\t\t<span class=\"elementor-button-content-wrapper\">\n\t\t\t\t\t\t\t\t\t<span class=\"elementor-button-text\">CONTACTE-NOS<\/span>\n\t\t\t\t\t<\/span>\n\t\t\t\t\t<\/a>\n\t\t\t\t<\/div>\n\t\t\t\t\t\t\t\t<\/div>\n\t\t\t\t<\/div>\n\t\t\t\t<div class=\"elementor-element elementor-element-5c1df0bd elementor-widget elementor-widget-spacer\" data-id=\"5c1df0bd\" data-element_type=\"widget\" data-e-type=\"widget\" data-widget_type=\"spacer.default\">\n\t\t\t\t<div class=\"elementor-widget-container\">\n\t\t\t\t\t\t\t<div class=\"elementor-spacer\">\n\t\t\t<div class=\"elementor-spacer-inner\"><\/div>\n\t\t<\/div>\n\t\t\t\t\t\t<\/div>\n\t\t\t\t<\/div>\n\t\t\t\t\t<\/div>\n\t\t<\/div>\n\t\t\t\t\t<\/div>\n\t\t<\/section>\n\t\t\t\t<\/div>\n\t\t","protected":false},"excerpt":{"rendered":"<p>Se procura oportunidades excecionais de investimento imobili\u00e1rio, deve definitivamente considerar TAN Capital e TAN Investments. A nossa equipa de profissionais dedicados \u00e9 especializada nesta \u00e1rea e realizou v\u00e1rios projetos no mercado prime em Portugal. O nosso compromisso com um crescimento estruturado e o aumento do valor do nosso portf\u00f3lio diferencia-nos da concorr\u00eancia. Gerimos uma valiosa [&hellip;]<\/p>\n","protected":false},"author":1,"featured_media":0,"parent":0,"menu_order":0,"comment_status":"closed","ping_status":"closed","template":"elementor_header_footer","meta":{"footnotes":""},"class_list":["post-115","page","type-page","status-publish","hentry"],"_links":{"self":[{"href":"https:\/\/comportahouse.pt\/index.php\/wp-json\/wp\/v2\/pages\/115","targetHints":{"allow":["GET"]}}],"collection":[{"href":"https:\/\/comportahouse.pt\/index.php\/wp-json\/wp\/v2\/pages"}],"about":[{"href":"https:\/\/comportahouse.pt\/index.php\/wp-json\/wp\/v2\/types\/page"}],"author":[{"embeddable":true,"href":"https:\/\/comportahouse.pt\/index.php\/wp-json\/wp\/v2\/users\/1"}],"replies":[{"embeddable":true,"href":"https:\/\/comportahouse.pt\/index.php\/wp-json\/wp\/v2\/comments?post=115"}],"version-history":[{"count":70,"href":"https:\/\/comportahouse.pt\/index.php\/wp-json\/wp\/v2\/pages\/115\/revisions"}],"predecessor-version":[{"id":2088,"href":"https:\/\/comportahouse.pt\/index.php\/wp-json\/wp\/v2\/pages\/115\/revisions\/2088"}],"wp:attachment":[{"href":"https:\/\/comportahouse.pt\/index.php\/wp-json\/wp\/v2\/media?parent=115"}],"curies":[{"name":"wp","href":"https:\/\/api.w.org\/{rel}","templated":true}]}}